{"id":1217,"date":"2023-08-29T21:50:44","date_gmt":"2023-08-29T19:50:44","guid":{"rendered":"https:\/\/www.machi.fr\/?page_id=1217"},"modified":"2023-08-29T21:54:42","modified_gmt":"2023-08-29T19:54:42","slug":"mentions-legales","status":"publish","type":"page","link":"https:\/\/www.machi.fr\/index.php\/mentions-legales\/","title":{"rendered":"Mentions L\u00e9gales"},"content":{"rendered":"\n<p><strong>Le Rucher de la Machi<\/strong><\/p>\n\n\n\n<p>51, rue des \u00e9coles F-57840 Ottange<\/p>\n\n\n\n<p>T\u00e9l\u00e9phone: +33 6 67 43 53 07<\/p>\n\n\n\n<p>Siret: 91988328000019<\/p>\n\n\n\n<h2 class=\"wp-block-heading\">H\u00e9bergement<\/h2>\n\n\n\n<p>OVH<\/p>\n\n\n\n<p>Si\u00e8ge social : 2 rue Kellermann &#8211; 59100 Roubaix &#8211; France<\/p>\n","protected":false},"excerpt":{"rendered":"<p>Le Rucher de la Machi 51, rue des \u00e9coles F-57840 Ottange T\u00e9l\u00e9phone: +33 6 67 43 53 07 Siret: 91988328000019 H\u00e9bergement OVH Si\u00e8ge social : 2 rue Kellermann &#8211; 59100 Roubaix &#8211; France<\/p>\n","protected":false},"author":1,"featured_media":0,"parent":0,"menu_order":0,"comment_status":"closed","ping_status":"closed","template":"","meta":{"_uag_custom_page_level_css":"","iawp_total_views":23,"footnotes":""},"class_list":["post-1217","page","type-page","status-publish","hentry"],"uagb_featured_image_src":{"full":false,"thumbnail":false,"medium":false,"medium_large":false,"large":false,"1536x1536":false,"2048x2048":false,"hestia-blog":false},"uagb_author_info":{"display_name":"admin","author_link":"https:\/\/www.machi.fr\/index.php\/author\/admin4471\/"},"uagb_comment_info":0,"uagb_excerpt":"Le Rucher de la Machi 51, rue des \u00e9coles F-57840 Ottange T\u00e9l\u00e9phone: +33 6 67 43 53 07 Siret: 91988328000019 H\u00e9bergement OVH Si\u00e8ge social : 2 rue Kellermann &#8211; 59100 Roubaix &#8211; France","_links":{"self":[{"href":"https:\/\/www.machi.fr\/index.php\/wp-json\/wp\/v2\/pages\/1217","targetHints":{"allow":["GET"]}}],"collection":[{"href":"https:\/\/www.machi.fr\/index.php\/wp-json\/wp\/v2\/pages"}],"about":[{"href":"https:\/\/www.machi.fr\/index.php\/wp-json\/wp\/v2\/types\/page"}],"author":[{"embeddable":true,"href":"https:\/\/www.machi.fr\/index.php\/wp-json\/wp\/v2\/users\/1"}],"replies":[{"embeddable":true,"href":"https:\/\/www.machi.fr\/index.php\/wp-json\/wp\/v2\/comments?post=1217"}],"version-history":[{"count":2,"href":"https:\/\/www.machi.fr\/index.php\/wp-json\/wp\/v2\/pages\/1217\/revisions"}],"predecessor-version":[{"id":1221,"href":"https:\/\/www.machi.fr\/index.php\/wp-json\/wp\/v2\/pages\/1217\/revisions\/1221"}],"wp:attachment":[{"href":"https:\/\/www.machi.fr\/index.php\/wp-json\/wp\/v2\/media?parent=1217"}],"curies":[{"name":"wp","href":"https:\/\/api.w.org\/{rel}","templated":true}]}}