{"id":76,"date":"2023-08-22T12:29:21","date_gmt":"2023-08-22T10:29:21","guid":{"rendered":"http:\/\/www.machi.fr\/?page_id=76"},"modified":"2024-02-26T21:43:32","modified_gmt":"2024-02-26T20:43:32","slug":"cest-quoi-un-bon-pot-de-miel","status":"publish","type":"page","link":"https:\/\/www.machi.fr\/index.php\/cest-quoi-un-bon-pot-de-miel\/","title":{"rendered":"C&rsquo;est quoi un bon pot de miel?"},"content":{"rendered":"\n<h2 class=\"wp-block-heading\">C&rsquo;est d&rsquo;abord un pot&#8230;.<\/h2>\n\n\n\n<div class=\"wp-block-media-text is-stacked-on-mobile\" style=\"grid-template-columns:39% auto\"><figure class=\"wp-block-media-text__media\"><img loading=\"lazy\" decoding=\"async\" width=\"1024\" height=\"768\" src=\"https:\/\/www.machi.fr\/wp-content\/uploads\/2023\/08\/IMG_20230827_163621-1024x768.jpg\" alt=\"\" class=\"wp-image-1178 size-full\" srcset=\"https:\/\/www.machi.fr\/wp-content\/uploads\/2023\/08\/IMG_20230827_163621-1024x768.jpg 1024w, https:\/\/www.machi.fr\/wp-content\/uploads\/2023\/08\/IMG_20230827_163621-300x225.jpg 300w, https:\/\/www.machi.fr\/wp-content\/uploads\/2023\/08\/IMG_20230827_163621-768x576.jpg 768w, https:\/\/www.machi.fr\/wp-content\/uploads\/2023\/08\/IMG_20230827_163621-1536x1152.jpg 1536w, https:\/\/www.machi.fr\/wp-content\/uploads\/2023\/08\/IMG_20230827_163621-2048x1536.jpg 2048w\" sizes=\"auto, (max-width: 1024px) 100vw, 1024px\" \/><\/figure><div class=\"wp-block-media-text__content\">\n<p>Deux choix possibles: verre ou plastique.  Nous avons fait un bref comparatif et nous avons choisi le verre (surtout pour son aspect durable).<\/p>\n\n\n\n<h2 class=\"wp-block-heading\"><strong>Verre:<\/strong><\/h2>\n\n\n\n<p>+ Issu du sable principalement<br>+ Meilleure conservation (m\u00eame si un pot ne reste pas plein longtemps)<br>&#8211; Fragilit\u00e9 (pas un soucis jamais en colis)<br>-Poids<\/p>\n\n\n\n<h2 class=\"wp-block-heading\"><strong>Plastique:<\/strong><\/h2>\n\n\n\n<p>+ Solidit\u00e9<br>+ Poids<br>-Issu du p\u00e9trole<br>&#8211; Image moins naturelle (m\u00eame si parfois recyclable)<\/p>\n<\/div><\/div>\n\n\n\n<h2 class=\"wp-block-heading\">avec une \u00e9tiquette&#8230;<\/h2>\n\n\n\n<div class=\"wp-block-media-text has-media-on-the-right is-stacked-on-mobile\"><div class=\"wp-block-media-text__content\">\n<p>La r\u00e9glementation fixe les d\u00e9nominations l\u00e9gales de vente des diff\u00e9rentes vari\u00e9t\u00e9s de miel et pr\u00e9cise les modalit\u00e9s d&rsquo;\u00e9tiquetage et de pr\u00e9sentation, ainsi que les caract\u00e9ristiques de composition des produits.<\/p>\n\n\n\n<p>DGCCRF<\/p>\n<\/div><figure class=\"wp-block-media-text__media\"><img loading=\"lazy\" decoding=\"async\" width=\"768\" height=\"1024\" src=\"https:\/\/www.machi.fr\/wp-content\/uploads\/2023\/08\/IMG_20230827_163104-768x1024.jpg\" alt=\"\" class=\"wp-image-1177 size-full\" srcset=\"https:\/\/www.machi.fr\/wp-content\/uploads\/2023\/08\/IMG_20230827_163104-768x1024.jpg 768w, https:\/\/www.machi.fr\/wp-content\/uploads\/2023\/08\/IMG_20230827_163104-225x300.jpg 225w, https:\/\/www.machi.fr\/wp-content\/uploads\/2023\/08\/IMG_20230827_163104-1152x1536.jpg 1152w, https:\/\/www.machi.fr\/wp-content\/uploads\/2023\/08\/IMG_20230827_163104-1536x2048.jpg 1536w, https:\/\/www.machi.fr\/wp-content\/uploads\/2023\/08\/IMG_20230827_163104-scaled.jpg 1920w\" sizes=\"auto, (max-width: 768px) 100vw, 768px\" \/><\/figure><\/div>\n\n\n\n<p><strong>La d\u00e9nomination de vente<\/strong><br>Exemple : miel de fleurs<\/p>\n\n\n\n<p><strong>Date de durabilit\u00e9&nbsp;<\/strong><br>La date de durabilit\u00e9 minimale (DDM) est indiqu\u00e9e en clair.<\/p>\n\n\n\n<p><strong>Nom ou raison sociale et adresse du fabricant<\/strong><br><strong>Indication du ou des pays d\u2019origine<\/strong><br><\/p>\n\n\n\n<h2 class=\"wp-block-heading has-text-align-right\">&#8230;Mais surtout<\/h2>\n\n\n\n<p>Un miel \u00e0 votre gout.  Le menthol du tilleul, le liquide subtil de l&rsquo;acacia, la multitude de nectar d&rsquo;un miel d&rsquo;\u00e9t\u00e9, la douceur du printemps.  Il y a l&#8217;embarras du choix.<\/p>\n\n\n\n<h2 class=\"wp-block-heading\">Aspect du miel<\/h2>\n\n\n\n<div class=\"wp-block-media-text is-stacked-on-mobile\" style=\"grid-template-columns:27% auto\"><figure class=\"wp-block-media-text__media\"><img loading=\"lazy\" decoding=\"async\" width=\"768\" height=\"1024\" src=\"https:\/\/www.machi.fr\/wp-content\/uploads\/2023\/09\/IMG_20230911_175903-768x1024.jpg\" alt=\"\" class=\"wp-image-1231 size-full\" srcset=\"https:\/\/www.machi.fr\/wp-content\/uploads\/2023\/09\/IMG_20230911_175903-768x1024.jpg 768w, https:\/\/www.machi.fr\/wp-content\/uploads\/2023\/09\/IMG_20230911_175903-225x300.jpg 225w, https:\/\/www.machi.fr\/wp-content\/uploads\/2023\/09\/IMG_20230911_175903-1152x1536.jpg 1152w, https:\/\/www.machi.fr\/wp-content\/uploads\/2023\/09\/IMG_20230911_175903-1536x2048.jpg 1536w, https:\/\/www.machi.fr\/wp-content\/uploads\/2023\/09\/IMG_20230911_175903-scaled.jpg 1920w\" sizes=\"auto, (max-width: 768px) 100vw, 768px\" \/><\/figure><div class=\"wp-block-media-text__content\">\n<p><strong>Miel \u00ab\u00a0d\u00e9phas\u00e9\u00a0\u00bb<\/strong><\/p>\n\n\n\n<p>La partie inf\u00e9rieure du pot est cristallis\u00e9e et la partie sup\u00e9rieur est liquide.  A ne pas confondre avec un m\u00e9lange de miel (printemps et for\u00eat par exemple).  Cela est la cons\u00e9quence de la s\u00e9paration du fructose et du glucose.  Un miel trop humide, ayant subit une forte variation de temp\u00e9rature est susceptible de se d\u00e9phaser.<\/p>\n\n\n\n<p>En pratique m\u00eame si le d\u00e9phasage est r\u00e9cent le miel <strong>ne peut \u00eatre vendu<\/strong>.  Si il n&rsquo; y a pas une odeur de vinaigre, une formation de mousse et de bulles (indicateurs de la <strong>fermentation<\/strong>).  Il peut toute fois \u00eatre consomm\u00e9 refondu dans des g\u00e2teaux par exemple.<\/p>\n<\/div><\/div>\n\n\n\n<p><strong>Miel \u00ab\u00a0marbr\u00e9\u00a0\u00bb<\/strong><\/p>\n\n\n\n<p>D&rsquo;apparence consid\u00e9r\u00e9 comme un d\u00e9faut, c&rsquo;est en r\u00e9alit\u00e9 <strong>signe de qualit\u00e9<\/strong>.  Cons\u00e9quence de la cristallisation de certains sucres si le miel est bien sec, cela est promesse de <strong>meilleurs conservation<\/strong>.<\/p>\n\n\n\n<p><\/p>\n","protected":false},"excerpt":{"rendered":"<p>C&rsquo;est d&rsquo;abord un pot&#8230;. Deux choix possibles: verre ou plastique. Nous avons fait un bref comparatif et nous avons choisi le verre (surtout pour son aspect durable). Verre: + Issu du sable principalement+ Meilleure conservation (m\u00eame si un pot ne reste pas plein longtemps)&#8211; Fragilit\u00e9 (pas un soucis jamais en [&hellip;]<\/p>\n","protected":false},"author":1,"featured_media":0,"parent":0,"menu_order":0,"comment_status":"closed","ping_status":"closed","template":"","meta":{"_uag_custom_page_level_css":"","iawp_total_views":326,"footnotes":""},"class_list":["post-76","page","type-page","status-publish","hentry"],"uagb_featured_image_src":{"full":false,"thumbnail":false,"medium":false,"medium_large":false,"large":false,"1536x1536":false,"2048x2048":false,"hestia-blog":false},"uagb_author_info":{"display_name":"admin","author_link":"https:\/\/www.machi.fr\/index.php\/author\/admin4471\/"},"uagb_comment_info":0,"uagb_excerpt":"C&rsquo;est d&rsquo;abord un pot&#8230;. Deux choix possibles: verre ou plastique. Nous avons fait un bref comparatif et nous avons choisi le verre (surtout pour son aspect durable). Verre: + Issu du sable principalement+ Meilleure conservation (m\u00eame si un pot ne reste pas plein longtemps)&#8211; Fragilit\u00e9 (pas un soucis jamais en [&hellip;]","_links":{"self":[{"href":"https:\/\/www.machi.fr\/index.php\/wp-json\/wp\/v2\/pages\/76","targetHints":{"allow":["GET"]}}],"collection":[{"href":"https:\/\/www.machi.fr\/index.php\/wp-json\/wp\/v2\/pages"}],"about":[{"href":"https:\/\/www.machi.fr\/index.php\/wp-json\/wp\/v2\/types\/page"}],"author":[{"embeddable":true,"href":"https:\/\/www.machi.fr\/index.php\/wp-json\/wp\/v2\/users\/1"}],"replies":[{"embeddable":true,"href":"https:\/\/www.machi.fr\/index.php\/wp-json\/wp\/v2\/comments?post=76"}],"version-history":[{"count":19,"href":"https:\/\/www.machi.fr\/index.php\/wp-json\/wp\/v2\/pages\/76\/revisions"}],"predecessor-version":[{"id":1273,"href":"https:\/\/www.machi.fr\/index.php\/wp-json\/wp\/v2\/pages\/76\/revisions\/1273"}],"wp:attachment":[{"href":"https:\/\/www.machi.fr\/index.php\/wp-json\/wp\/v2\/media?parent=76"}],"curies":[{"name":"wp","href":"https:\/\/api.w.org\/{rel}","templated":true}]}}